{"id":49,"date":"2022-08-11T16:18:31","date_gmt":"2022-08-11T14:18:31","guid":{"rendered":"https:\/\/www.cegib.fr\/?page_id=49"},"modified":"2023-12-15T11:39:40","modified_gmt":"2023-12-15T10:39:40","slug":"contact","status":"publish","type":"page","link":"https:\/\/www.cegib.fr\/index.php\/contact\/","title":{"rendered":"Contact"},"content":{"rendered":"\n<p>Pour toute demande de devis \/ contact : <a href=\"mailto:accueil@cegib.fr\">accueil@cegib.fr<\/a><\/p>\n","protected":false},"excerpt":{"rendered":"<p>Pour toute demande de devis \/ contact : accueil@cegib.fr<\/p>\n","protected":false},"author":1,"featured_media":0,"parent":0,"menu_order":0,"comment_status":"closed","ping_status":"closed","template":"","meta":{"footnotes":""},"class_list":["post-49","page","type-page","status-publish","hentry"],"yoast_head":"<!-- This site is optimized with the Yoast SEO plugin v22.9 - https:\/\/yoast.com\/wordpress\/plugins\/seo\/ -->\n<title>Contact - CEGIB - Couverture, Bardage, Etanch\u00e9it\u00e9, Plomberie, Chauffage<\/title>\n<meta name=\"robots\" content=\"index, follow, max-snippet:-1, max-image-preview:large, max-video-preview:-1\" \/>\n<link rel=\"canonical\" href=\"https:\/\/www.cegib.fr\/index.php\/contact\/\" \/>\n<meta property=\"og:locale\" content=\"fr_FR\" \/>\n<meta property=\"og:type\" content=\"article\" \/>\n<meta property=\"og:title\" content=\"Contact - CEGIB - Couverture, Bardage, Etanch\u00e9it\u00e9, Plomberie, Chauffage\" \/>\n<meta property=\"og:description\" content=\"Pour toute demande de devis \/ contact : accueil@cegib.fr\" \/>\n<meta property=\"og:url\" content=\"https:\/\/www.cegib.fr\/index.php\/contact\/\" \/>\n<meta property=\"og:site_name\" content=\"CEGIB - Couverture, Bardage, Etanch\u00e9it\u00e9, Plomberie, Chauffage\" \/>\n<meta property=\"article:modified_time\" content=\"2023-12-15T10:39:40+00:00\" \/>\n<meta name=\"twitter:card\" content=\"summary_large_image\" \/>\n<script type=\"application\/ld+json\" class=\"yoast-schema-graph\">{\"@context\":\"https:\/\/schema.org\",\"@graph\":[{\"@type\":\"WebPage\",\"@id\":\"https:\/\/www.cegib.fr\/index.php\/contact\/\",\"url\":\"https:\/\/www.cegib.fr\/index.php\/contact\/\",\"name\":\"Contact - CEGIB - Couverture, Bardage, Etanch\u00e9it\u00e9, Plomberie, Chauffage\",\"isPartOf\":{\"@id\":\"http:\/\/www.cegib.fr\/#website\"},\"datePublished\":\"2022-08-11T14:18:31+00:00\",\"dateModified\":\"2023-12-15T10:39:40+00:00\",\"inLanguage\":\"fr-FR\",\"potentialAction\":[{\"@type\":\"ReadAction\",\"target\":[\"https:\/\/www.cegib.fr\/index.php\/contact\/\"]}]},{\"@type\":\"WebSite\",\"@id\":\"http:\/\/www.cegib.fr\/#website\",\"url\":\"http:\/\/www.cegib.fr\/\",\"name\":\"CEGIB - Couverture, Bardage, Etanch\u00e9it\u00e9, Plomberie, Chauffage\",\"description\":\"Couverture, Bardage, Etanch\u00e9it\u00e9, Plomberie, Chauffage\",\"publisher\":{\"@id\":\"http:\/\/www.cegib.fr\/#organization\"},\"potentialAction\":[{\"@type\":\"SearchAction\",\"target\":{\"@type\":\"EntryPoint\",\"urlTemplate\":\"http:\/\/www.cegib.fr\/?s={search_term_string}\"},\"query-input\":\"required name=search_term_string\"}],\"inLanguage\":\"fr-FR\"},{\"@type\":\"Organization\",\"@id\":\"http:\/\/www.cegib.fr\/#organization\",\"name\":\"CEGIB - Couverture, Bardage, Etanch\u00e9it\u00e9, Plomberie, Chauffage\",\"url\":\"http:\/\/www.cegib.fr\/\",\"logo\":{\"@type\":\"ImageObject\",\"inLanguage\":\"fr-FR\",\"@id\":\"http:\/\/www.cegib.fr\/#\/schema\/logo\/image\/\",\"url\":\"https:\/\/www.cegib.fr\/wp-content\/uploads\/2022\/08\/cropped-cropped-logo2.jpg\",\"contentUrl\":\"https:\/\/www.cegib.fr\/wp-content\/uploads\/2022\/08\/cropped-cropped-logo2.jpg\",\"width\":646,\"height\":130,\"caption\":\"CEGIB - Couverture, Bardage, Etanch\u00e9it\u00e9, Plomberie, Chauffage\"},\"image\":{\"@id\":\"http:\/\/www.cegib.fr\/#\/schema\/logo\/image\/\"}}]}<\/script>\n<!-- \/ Yoast SEO plugin. -->","yoast_head_json":{"title":"Contact - CEGIB - Couverture, Bardage, Etanch\u00e9it\u00e9, Plomberie, Chauffage","robots":{"index":"index","follow":"follow","max-snippet":"max-snippet:-1","max-image-preview":"max-image-preview:large","max-video-preview":"max-video-preview:-1"},"canonical":"https:\/\/www.cegib.fr\/index.php\/contact\/","og_locale":"fr_FR","og_type":"article","og_title":"Contact - CEGIB - Couverture, Bardage, Etanch\u00e9it\u00e9, Plomberie, Chauffage","og_description":"Pour toute demande de devis \/ contact : accueil@cegib.fr","og_url":"https:\/\/www.cegib.fr\/index.php\/contact\/","og_site_name":"CEGIB - Couverture, Bardage, Etanch\u00e9it\u00e9, Plomberie, Chauffage","article_modified_time":"2023-12-15T10:39:40+00:00","twitter_card":"summary_large_image","schema":{"@context":"https:\/\/schema.org","@graph":[{"@type":"WebPage","@id":"https:\/\/www.cegib.fr\/index.php\/contact\/","url":"https:\/\/www.cegib.fr\/index.php\/contact\/","name":"Contact - CEGIB - Couverture, Bardage, Etanch\u00e9it\u00e9, Plomberie, Chauffage","isPartOf":{"@id":"http:\/\/www.cegib.fr\/#website"},"datePublished":"2022-08-11T14:18:31+00:00","dateModified":"2023-12-15T10:39:40+00:00","inLanguage":"fr-FR","potentialAction":[{"@type":"ReadAction","target":["https:\/\/www.cegib.fr\/index.php\/contact\/"]}]},{"@type":"WebSite","@id":"http:\/\/www.cegib.fr\/#website","url":"http:\/\/www.cegib.fr\/","name":"CEGIB - Couverture, Bardage, Etanch\u00e9it\u00e9, Plomberie, Chauffage","description":"Couverture, Bardage, Etanch\u00e9it\u00e9, Plomberie, Chauffage","publisher":{"@id":"http:\/\/www.cegib.fr\/#organization"},"potentialAction":[{"@type":"SearchAction","target":{"@type":"EntryPoint","urlTemplate":"http:\/\/www.cegib.fr\/?s={search_term_string}"},"query-input":"required name=search_term_string"}],"inLanguage":"fr-FR"},{"@type":"Organization","@id":"http:\/\/www.cegib.fr\/#organization","name":"CEGIB - Couverture, Bardage, Etanch\u00e9it\u00e9, Plomberie, Chauffage","url":"http:\/\/www.cegib.fr\/","logo":{"@type":"ImageObject","inLanguage":"fr-FR","@id":"http:\/\/www.cegib.fr\/#\/schema\/logo\/image\/","url":"https:\/\/www.cegib.fr\/wp-content\/uploads\/2022\/08\/cropped-cropped-logo2.jpg","contentUrl":"https:\/\/www.cegib.fr\/wp-content\/uploads\/2022\/08\/cropped-cropped-logo2.jpg","width":646,"height":130,"caption":"CEGIB - Couverture, Bardage, Etanch\u00e9it\u00e9, Plomberie, Chauffage"},"image":{"@id":"http:\/\/www.cegib.fr\/#\/schema\/logo\/image\/"}}]}},"_links":{"self":[{"href":"https:\/\/www.cegib.fr\/index.php\/wp-json\/wp\/v2\/pages\/49","targetHints":{"allow":["GET"]}}],"collection":[{"href":"https:\/\/www.cegib.fr\/index.php\/wp-json\/wp\/v2\/pages"}],"about":[{"href":"https:\/\/www.cegib.fr\/index.php\/wp-json\/wp\/v2\/types\/page"}],"author":[{"embeddable":true,"href":"https:\/\/www.cegib.fr\/index.php\/wp-json\/wp\/v2\/users\/1"}],"replies":[{"embeddable":true,"href":"https:\/\/www.cegib.fr\/index.php\/wp-json\/wp\/v2\/comments?post=49"}],"version-history":[{"count":2,"href":"https:\/\/www.cegib.fr\/index.php\/wp-json\/wp\/v2\/pages\/49\/revisions"}],"predecessor-version":[{"id":123,"href":"https:\/\/www.cegib.fr\/index.php\/wp-json\/wp\/v2\/pages\/49\/revisions\/123"}],"wp:attachment":[{"href":"https:\/\/www.cegib.fr\/index.php\/wp-json\/wp\/v2\/media?parent=49"}],"curies":[{"name":"wp","href":"https:\/\/api.w.org\/{rel}","templated":true}]}}